{"id":2875,"date":"2024-12-05T14:56:49","date_gmt":"2024-12-05T11:56:49","guid":{"rendered":"https:\/\/nvgmuhendislik.com\/?page_id=2875"},"modified":"2024-12-06T19:07:51","modified_gmt":"2024-12-06T16:07:51","slug":"cevre-politikamiz","status":"publish","type":"page","link":"https:\/\/nvgmuhendislik.com\/index.php\/cevre-politikamiz\/","title":{"rendered":"1\u00c7evre Politikam\u0131z"},"content":{"rendered":"\t\t<div data-elementor-type=\"wp-page\" data-elementor-id=\"2875\" class=\"elementor elementor-2875\">\n\t\t\t\t<div class=\"elementor-element elementor-element-0c99be2 e-flex e-con-boxed e-con e-parent\" data-id=\"0c99be2\" data-element_type=\"container\" data-e-type=\"container\" data-settings=\"{&quot;background_background&quot;:&quot;classic&quot;}\">\n\t\t\t\t\t<div class=\"e-con-inner\">\n\t\t<div class=\"elementor-element elementor-element-9c3211b e-con-full e-flex e-con e-child\" data-id=\"9c3211b\" data-element_type=\"container\" data-e-type=\"container\">\n\t\t<div class=\"elementor-element elementor-element-c7a69c1 e-con-full e-flex e-con e-child\" data-id=\"c7a69c1\" data-element_type=\"container\" data-e-type=\"container\">\n\t\t\t\t<div class=\"elementor-element elementor-element-18393e0 elementor-widget elementor-widget-heading\" data-id=\"18393e0\" data-element_type=\"widget\" data-e-type=\"widget\" data-widget_type=\"heading.default\">\n\t\t\t\t<div class=\"elementor-widget-container\">\n\t\t\t\t\t<h2 class=\"elementor-heading-title elementor-size-default\">\u00c7EVRE POL\u0130T\u0130KAMIZ<\/h2>\t\t\t\t<\/div>\n\t\t\t\t<\/div>\n\t\t\t\t<div class=\"elementor-element elementor-element-ee48a97 elementor-widget elementor-widget-text-editor\" data-id=\"ee48a97\" data-element_type=\"widget\" data-e-type=\"widget\" data-widget_type=\"text-editor.default\">\n\t\t\t\t<div class=\"elementor-widget-container\">\n\t\t\t\t\t\t\t\t\t<p>NVG M\u00fchendislik olarak, \u00e7evre y\u00f6netim sistemimizi ISO 14001:2015 standard\u0131na uygun \u015fekilde y\u00fcr\u00fct\u00fcyoruz. \u00c7evre politikam\u0131z \u015fu ilkelere dayan\u0131r:<\/p><ol><li><strong>\u00c7evresel Etkilerin Azalt\u0131lmas\u0131:<\/strong> Faaliyetlerimiz sonucu olu\u015fan at\u0131klar\u0131 azalt\u0131r, geri d\u00f6n\u00fc\u015f\u00fcm ve yeniden de\u011ferlendirme alternatiflerini de\u011ferlendiririz.<\/li><li><strong>Temiz ve G\u00fcvenli \u00c7al\u0131\u015fma Ortam\u0131:<\/strong> \u00c7al\u0131\u015fanlar\u0131m\u0131za ve misafirlerimize temiz, sa\u011fl\u0131kl\u0131 ve g\u00fcvenli bir \u00e7al\u0131\u015fma ortam\u0131 sa\u011flar, \u00e7evre bilinci olu\u015ftururuz.<\/li><li><strong>Yasal Uygunluk:<\/strong> \u00c7evre mevzuatlar\u0131na ve s\u00f6zle\u015fmelere uyum sa\u011flar, yasal \u015fartlar\u0131 takip ederiz.<\/li><li><strong>Yeni Yat\u0131r\u0131mlar ve \u00c7evresel Etkiler:<\/strong> Yeni yat\u0131r\u0131mlarda \u00e7evresel etkileri dikkate al\u0131r\u0131z.<\/li><li><strong>\u00c7evresel Verilerin Kontrol\u00fc:<\/strong> \u00c7evresel verilerin \u00f6l\u00e7\u00fcm\u00fc ve kontrol\u00fc i\u00e7in kurumlar ve sosyal sorumluluk sahibi kurulu\u015flarla ileti\u015fim kurar\u0131z.<\/li><li><strong>S\u00fcrekli \u0130yile\u015ftirme:<\/strong> \u00c7evre y\u00f6netim sistemimizi d\u00fczenli olarak geli\u015ftirir ve performans\u0131m\u0131z\u0131 art\u0131rmak i\u00e7in hedefler belirleriz.<\/li><li><strong>ISO 14001:2004 Gereksinimlerine Uyum:<\/strong> ISO 14001:2015 standard\u0131n\u0131n gereksinimlerini yerine getirir, sistemin devaml\u0131l\u0131\u011f\u0131n\u0131 sa\u011flar ve izlenebilirli\u011fi i\u00e7in gerekli sistemleri kurar\u0131z.<\/li><\/ol><p>Politikam\u0131z, \u00e7evresel performans\u0131m\u0131z\u0131 art\u0131rmay\u0131 ve s\u00fcrd\u00fcr\u00fclebilirli\u011fi hedefler. T\u00fcm \u00e7al\u0131\u015fanlar\u0131m\u0131z bu politikay\u0131 benimser ve uygular.<\/p>\t\t\t\t\t\t\t\t<\/div>\n\t\t\t\t<\/div>\n\t\t\t\t<\/div>\n\t\t<div class=\"elementor-element elementor-element-bdd56a2 e-con-full e-flex e-con e-child\" data-id=\"bdd56a2\" data-element_type=\"container\" data-e-type=\"container\">\n\t\t\t\t<div class=\"elementor-element elementor-element-a9d349f elementor-widget-divider--view-line_text elementor-widget-divider--element-align-left elementor-widget elementor-widget-divider\" data-id=\"a9d349f\" data-element_type=\"widget\" data-e-type=\"widget\" data-widget_type=\"divider.default\">\n\t\t\t\t<div class=\"elementor-widget-container\">\n\t\t\t\t\t\t\t<div class=\"elementor-divider\">\n\t\t\t<span class=\"elementor-divider-separator\">\n\t\t\t\t\t\t\t<h5 class=\"elementor-divider__text elementor-divider__element\">\n\t\t\t\tFaaliyet Alanlar\u0131m\u0131z\t\t\t\t<\/h5>\n\t\t\t\t\t\t<\/span>\n\t\t<\/div>\n\t\t\t\t\t\t<\/div>\n\t\t\t\t<\/div>\n\t\t\t\t<\/div>\n\t\t\t\t<\/div>\n\t\t\t\t\t<\/div>\n\t\t\t\t<\/div>\n\t\t\t\t<\/div>\n\t\t","protected":false},"excerpt":{"rendered":"<p>\u00c7EVRE POL\u0130T\u0130KAMIZ NVG M\u00fchendislik olarak, \u00e7evre y\u00f6netim sistemimizi ISO 14001:2015 standard\u0131na uygun \u015fekilde y\u00fcr\u00fct\u00fcyoruz. \u00c7evre politikam\u0131z \u015fu ilkelere dayan\u0131r: \u00c7evresel Etkilerin Azalt\u0131lmas\u0131: Faaliyetlerimiz sonucu olu\u015fan at\u0131klar\u0131 azalt\u0131r, geri d\u00f6n\u00fc\u015f\u00fcm ve yeniden de\u011ferlendirme alternatiflerini de\u011ferlendiririz. Temiz ve G\u00fcvenli \u00c7al\u0131\u015fma Ortam\u0131: \u00c7al\u0131\u015fanlar\u0131m\u0131za ve misafirlerimize temiz, sa\u011fl\u0131kl\u0131 ve g\u00fcvenli bir \u00e7al\u0131\u015fma ortam\u0131 sa\u011flar, \u00e7evre&hellip;<\/p>\n","protected":false},"author":1,"featured_media":0,"parent":0,"menu_order":0,"comment_status":"closed","ping_status":"closed","template":"","meta":{"footnotes":""},"class_list":["post-2875","page","type-page","status-publish","hentry"],"_links":{"self":[{"href":"https:\/\/nvgmuhendislik.com\/index.php\/wp-json\/wp\/v2\/pages\/2875","targetHints":{"allow":["GET"]}}],"collection":[{"href":"https:\/\/nvgmuhendislik.com\/index.php\/wp-json\/wp\/v2\/pages"}],"about":[{"href":"https:\/\/nvgmuhendislik.com\/index.php\/wp-json\/wp\/v2\/types\/page"}],"author":[{"embeddable":true,"href":"https:\/\/nvgmuhendislik.com\/index.php\/wp-json\/wp\/v2\/users\/1"}],"replies":[{"embeddable":true,"href":"https:\/\/nvgmuhendislik.com\/index.php\/wp-json\/wp\/v2\/comments?post=2875"}],"version-history":[{"count":14,"href":"https:\/\/nvgmuhendislik.com\/index.php\/wp-json\/wp\/v2\/pages\/2875\/revisions"}],"predecessor-version":[{"id":3729,"href":"https:\/\/nvgmuhendislik.com\/index.php\/wp-json\/wp\/v2\/pages\/2875\/revisions\/3729"}],"wp:attachment":[{"href":"https:\/\/nvgmuhendislik.com\/index.php\/wp-json\/wp\/v2\/media?parent=2875"}],"curies":[{"name":"wp","href":"https:\/\/api.w.org\/{rel}","templated":true}]}}