{"id":3717,"date":"2024-12-06T19:05:22","date_gmt":"2024-12-06T16:05:22","guid":{"rendered":"https:\/\/nvgmuhendislik.com\/?page_id=3717"},"modified":"2024-12-17T12:46:52","modified_gmt":"2024-12-17T09:46:52","slug":"hakkimizda-2","status":"publish","type":"page","link":"https:\/\/nvgmuhendislik.com\/index.php\/hakkimizda-2\/","title":{"rendered":"Hakk\u0131m\u0131zda"},"content":{"rendered":"\t\t<div data-elementor-type=\"wp-page\" data-elementor-id=\"3717\" class=\"elementor elementor-3717\">\n\t\t\t\t<div class=\"elementor-element elementor-element-21a5aad e-flex e-con-boxed e-con e-parent\" data-id=\"21a5aad\" data-element_type=\"container\" data-settings=\"{&quot;background_background&quot;:&quot;classic&quot;}\">\n\t\t\t\t\t<div class=\"e-con-inner\">\n\t\t\t\t\t<\/div>\n\t\t\t\t<\/div>\n\t\t<div class=\"elementor-element elementor-element-05a7996 e-flex e-con-boxed e-con e-parent\" data-id=\"05a7996\" data-element_type=\"container\">\n\t\t\t\t\t<div class=\"e-con-inner\">\n\t\t\t\t<div class=\"elementor-element elementor-element-f9654fe elementor-widget elementor-widget-spacer\" data-id=\"f9654fe\" data-element_type=\"widget\" data-widget_type=\"spacer.default\">\n\t\t\t\t<div class=\"elementor-widget-container\">\n\t\t\t\t\t\t\t<div class=\"elementor-spacer\">\n\t\t\t<div class=\"elementor-spacer-inner\"><\/div>\n\t\t<\/div>\n\t\t\t\t\t\t<\/div>\n\t\t\t\t<\/div>\n\t\t\t\t\t<\/div>\n\t\t\t\t<\/div>\n\t\t<div class=\"elementor-element elementor-element-a241c2e custom-container1 e-flex e-con-boxed e-con e-parent\" data-id=\"a241c2e\" data-element_type=\"container\">\n\t\t\t\t\t<div class=\"e-con-inner\">\n\t\t<div class=\"elementor-element elementor-element-a9f4695 e-con-full e-flex e-con e-child\" data-id=\"a9f4695\" data-element_type=\"container\">\n\t\t\t\t<div class=\"elementor-element elementor-element-4776989 elementor-widget elementor-widget-image\" data-id=\"4776989\" data-element_type=\"widget\" data-widget_type=\"image.default\">\n\t\t\t\t<div class=\"elementor-widget-container\">\n\t\t\t\t\t\t\t\t\t\t\t\t\t\t\t<img fetchpriority=\"high\" decoding=\"async\" width=\"670\" height=\"416\" src=\"https:\/\/nvgmuhendislik.com\/wp-content\/uploads\/2024\/12\/hakkimizda-1.jpg\" class=\"attachment-large size-large wp-image-4123\" alt=\"\" \/>\t\t\t\t\t\t\t\t\t\t\t\t\t\t\t<\/div>\n\t\t\t\t<\/div>\n\t\t\t\t<\/div>\n\t\t<div class=\"elementor-element elementor-element-92754af e-con-full e-flex e-con e-child\" data-id=\"92754af\" data-element_type=\"container\">\n\t\t\t\t<div class=\"elementor-element elementor-element-83f34e1 elementor-widget-divider--view-line_text elementor-widget-divider--element-align-left elementor-widget elementor-widget-divider\" data-id=\"83f34e1\" data-element_type=\"widget\" data-widget_type=\"divider.default\">\n\t\t\t\t<div class=\"elementor-widget-container\">\n\t\t\t\t\t\t\t<div class=\"elementor-divider\">\n\t\t\t<span class=\"elementor-divider-separator\">\n\t\t\t\t\t\t\t<h2 class=\"elementor-divider__text elementor-divider__element\">\n\t\t\t\tHakk\u0131m\u0131zda\t\t\t\t<\/h2>\n\t\t\t\t\t\t<\/span>\n\t\t<\/div>\n\t\t\t\t\t\t<\/div>\n\t\t\t\t<\/div>\n\t\t\t\t<div class=\"elementor-element elementor-element-2cc8e8b elementor-widget elementor-widget-text-editor\" data-id=\"2cc8e8b\" data-element_type=\"widget\" data-widget_type=\"text-editor.default\">\n\t\t\t\t<div class=\"elementor-widget-container\">\n\t\t\t\t\t\t\t\t\t<p style=\"text-align: justify;\"><span style=\"vertical-align: inherit;\">NVG M\u00fchendislik, 1997 y\u0131l\u0131ndan beri projelerini uluslararas\u0131 kalite standartlar\u0131na uygun olarak, eksiksiz ve zaman\u0131nda tamamlamaktad\u0131r. Sa\u011fl\u0131k, emniyet, \u00e7evre ve g\u00fcvenlik \u00f6n plandad\u0131r. Sekt\u00f6r yeniliklerini ve bilimsel geli\u015fmeleri takip ederek, h\u0131zl\u0131 ve kaliteli \u00e7\u00f6z\u00fcmler sunar, projeleri anahtar teslimi \u015fekilde i\u015fletmeye haz\u0131r hale getirir.<\/span><\/p><p style=\"text-align: justify;\"><span style=\"vertical-align: inherit;\">Faaliyet alanlar\u0131m\u0131z \u015funlard\u0131r: Akaryak\u0131t, lpg, lng ve di\u011fer s\u0131nai gazlara ait dolum tesisleri kurulumu, end\u00fcstriyel borulama ve ekipman montaj\u0131, planl\u0131 duru\u015f ve bak\u0131m i\u015fleri, end\u00fcstriyel tesis kurulumu, tank imalat\u0131 ve bak\u0131m\u0131, \u00e7elik ve kaynakl\u0131 imalatlar, mekanik bak\u0131m, yang\u0131n sistemleri tesisat\u0131, izolasyon ve kaplama, 7\/24 acil durum hizmetleri.<\/span><\/p><p style=\"text-align: justify;\"><span style=\"vertical-align: inherit;\">Yenilik\u00e7i \u00e7\u00f6z\u00fcmlerimizle \u00e7evreye duyarl\u0131 olmay\u0131 ve m\u00fc\u015fteri memnuniyetini sa\u011flamay\u0131 hedefliyoruz. Amac\u0131m\u0131z, sekt\u00f6rdeki konumumuzu korumak ve s\u00fcrd\u00fcr\u00fclebilir bir \u015fekilde b\u00fcy\u00fcmektir.<\/span><\/p>\t\t\t\t\t\t\t\t<\/div>\n\t\t\t\t<\/div>\n\t\t\t\t<div class=\"elementor-element elementor-element-8a37ec8 elementor-widget elementor-widget-spacer\" data-id=\"8a37ec8\" data-element_type=\"widget\" data-widget_type=\"spacer.default\">\n\t\t\t\t<div class=\"elementor-widget-container\">\n\t\t\t\t\t\t\t<div class=\"elementor-spacer\">\n\t\t\t<div class=\"elementor-spacer-inner\"><\/div>\n\t\t<\/div>\n\t\t\t\t\t\t<\/div>\n\t\t\t\t<\/div>\n\t\t\t\t<\/div>\n\t\t\t\t\t<\/div>\n\t\t\t\t<\/div>\n\t\t<div class=\"elementor-element elementor-element-b543e47 e-flex e-con-boxed e-con e-parent\" data-id=\"b543e47\" data-element_type=\"container\">\n\t\t\t\t\t<div class=\"e-con-inner\">\n\t\t\t\t<div class=\"elementor-element elementor-element-2186190 elementor-widget elementor-widget-spacer\" data-id=\"2186190\" data-element_type=\"widget\" data-widget_type=\"spacer.default\">\n\t\t\t\t<div class=\"elementor-widget-container\">\n\t\t\t\t\t\t\t<div class=\"elementor-spacer\">\n\t\t\t<div class=\"elementor-spacer-inner\"><\/div>\n\t\t<\/div>\n\t\t\t\t\t\t<\/div>\n\t\t\t\t<\/div>\n\t\t\t\t\t<\/div>\n\t\t\t\t<\/div>\n\t\t<div class=\"elementor-element elementor-element-f598aee e-flex e-con-boxed e-con e-parent\" data-id=\"f598aee\" data-element_type=\"container\">\n\t\t\t\t\t<div class=\"e-con-inner\">\n\t\t<div class=\"elementor-element elementor-element-0cc0429 e-con-full e-flex e-con e-child\" data-id=\"0cc0429\" data-element_type=\"container\">\n\t\t\t\t<div class=\"elementor-element elementor-element-0682c5f elementor-widget-divider--view-line_text elementor-widget-divider--element-align-left elementor-widget elementor-widget-divider\" data-id=\"0682c5f\" data-element_type=\"widget\" data-widget_type=\"divider.default\">\n\t\t\t\t<div class=\"elementor-widget-container\">\n\t\t\t\t\t\t\t<div class=\"elementor-divider\">\n\t\t\t<span class=\"elementor-divider-separator\">\n\t\t\t\t\t\t\t<h2 class=\"elementor-divider__text elementor-divider__element\">\n\t\t\t\tEkibimiz\t\t\t\t<\/h2>\n\t\t\t\t\t\t<\/span>\n\t\t<\/div>\n\t\t\t\t\t\t<\/div>\n\t\t\t\t<\/div>\n\t\t\t\t<div class=\"elementor-element elementor-element-31faf27 elementor-widget elementor-widget-spacer\" data-id=\"31faf27\" data-element_type=\"widget\" data-widget_type=\"spacer.default\">\n\t\t\t\t<div class=\"elementor-widget-container\">\n\t\t\t\t\t\t\t<div class=\"elementor-spacer\">\n\t\t\t<div class=\"elementor-spacer-inner\"><\/div>\n\t\t<\/div>\n\t\t\t\t\t\t<\/div>\n\t\t\t\t<\/div>\n\t\t\t\t<\/div>\n\t\t<div class=\"elementor-element elementor-element-2e61b11 e-con-full e-flex e-con e-child\" data-id=\"2e61b11\" data-element_type=\"container\">\n\t\t\t\t<div class=\"elementor-element elementor-element-fa8af08 elementor-widget-divider--view-line_text elementor-widget-divider--element-align-left elementor-widget__width-initial elementor-widget elementor-widget-divider\" data-id=\"fa8af08\" data-element_type=\"widget\" data-widget_type=\"divider.default\">\n\t\t\t\t<div class=\"elementor-widget-container\">\n\t\t\t\t\t\t\t<div class=\"elementor-divider\">\n\t\t\t<span class=\"elementor-divider-separator\">\n\t\t\t\t\t\t\t<h2 class=\"elementor-divider__text elementor-divider__element\">\n\t\t\t\tReferanslar\u0131m\u0131z\t\t\t\t<\/h2>\n\t\t\t\t\t\t<\/span>\n\t\t<\/div>\n\t\t\t\t\t\t<\/div>\n\t\t\t\t<\/div>\n\t\t\t\t<div class=\"elementor-element elementor-element-029f8fa elementor-widget elementor-widget-spacer\" data-id=\"029f8fa\" data-element_type=\"widget\" data-widget_type=\"spacer.default\">\n\t\t\t\t<div class=\"elementor-widget-container\">\n\t\t\t\t\t\t\t<div class=\"elementor-spacer\">\n\t\t\t<div class=\"elementor-spacer-inner\"><\/div>\n\t\t<\/div>\n\t\t\t\t\t\t<\/div>\n\t\t\t\t<\/div>\n\t\t\t\t<div class=\"elementor-element elementor-element-bf571a8 elementor-widget__width-initial elementor-widget elementor-widget-text-editor\" data-id=\"bf571a8\" data-element_type=\"widget\" data-widget_type=\"text-editor.default\">\n\t\t\t\t<div class=\"elementor-widget-container\">\n\t\t\t\t\t\t\t\t\t<p><span style=\"vertical-align: inherit;\"><span style=\"vertical-align: inherit;\"><span style=\"vertical-align: inherit;\"><span style=\"vertical-align: inherit;\">\u0130\u015fbirli\u011fi \u00e7ok \u00f6nemlidir. Sekt\u00f6r lideri ortaklar\u0131m\u0131zla \u00e7al\u0131\u015fmaktan gurur duyuyoruz.<\/span><\/span><\/span><\/span><\/p>\t\t\t\t\t\t\t\t<\/div>\n\t\t\t\t<\/div>\n\t\t\t\t<\/div>\n\t\t\t\t\t<\/div>\n\t\t\t\t<\/div>\n\t\t<div class=\"elementor-element elementor-element-d1bb0b2 e-flex e-con-boxed e-con e-parent\" data-id=\"d1bb0b2\" data-element_type=\"container\">\n\t\t\t\t\t<div class=\"e-con-inner\">\n\t\t\t\t<div class=\"elementor-element elementor-element-f57da46 elementor-widget elementor-widget-spacer\" data-id=\"f57da46\" data-element_type=\"widget\" data-widget_type=\"spacer.default\">\n\t\t\t\t<div class=\"elementor-widget-container\">\n\t\t\t\t\t\t\t<div class=\"elementor-spacer\">\n\t\t\t<div class=\"elementor-spacer-inner\"><\/div>\n\t\t<\/div>\n\t\t\t\t\t\t<\/div>\n\t\t\t\t<\/div>\n\t\t\t\t\t<\/div>\n\t\t\t\t<\/div>\n\t\t<div class=\"elementor-element elementor-element-e9f7183 e-flex e-con-boxed e-con e-parent\" data-id=\"e9f7183\" data-element_type=\"container\">\n\t\t\t\t\t<div class=\"e-con-inner\">\n\t\t<div class=\"elementor-element elementor-element-13116e3 e-con-full e-flex e-con e-child\" data-id=\"13116e3\" data-element_type=\"container\">\n\t\t\t\t<div class=\"elementor-element elementor-element-ecf738d elementor-widget-divider--view-line elementor-widget elementor-widget-divider\" data-id=\"ecf738d\" data-element_type=\"widget\" data-widget_type=\"divider.default\">\n\t\t\t\t<div class=\"elementor-widget-container\">\n\t\t\t\t\t\t\t<div class=\"elementor-divider\">\n\t\t\t<span class=\"elementor-divider-separator\">\n\t\t\t\t\t\t<\/span>\n\t\t<\/div>\n\t\t\t\t\t\t<\/div>\n\t\t\t\t<\/div>\n\t\t\t\t<\/div>\n\t\t\t\t\t<\/div>\n\t\t\t\t<\/div>\n\t\t\t\t<\/div>\n\t\t","protected":false},"excerpt":{"rendered":"<p>Hakk\u0131m\u0131zda NVG M\u00fchendislik, 1997 y\u0131l\u0131ndan beri projelerini uluslararas\u0131 kalite standartlar\u0131na uygun olarak, eksiksiz ve zaman\u0131nda tamamlamaktad\u0131r. Sa\u011fl\u0131k, emniyet, \u00e7evre ve g\u00fcvenlik \u00f6n plandad\u0131r. Sekt\u00f6r yeniliklerini ve bilimsel geli\u015fmeleri takip ederek, h\u0131zl\u0131 ve kaliteli \u00e7\u00f6z\u00fcmler sunar, projeleri anahtar teslimi \u015fekilde i\u015fletmeye haz\u0131r hale getirir. Faaliyet alanlar\u0131m\u0131z \u015funlard\u0131r: Akaryak\u0131t, lpg, lng ve di\u011fer&hellip;<\/p>\n","protected":false},"author":1,"featured_media":0,"parent":0,"menu_order":0,"comment_status":"closed","ping_status":"closed","template":"","meta":{"footnotes":""},"class_list":["post-3717","page","type-page","status-publish","hentry"],"_links":{"self":[{"href":"https:\/\/nvgmuhendislik.com\/index.php\/wp-json\/wp\/v2\/pages\/3717","targetHints":{"allow":["GET"]}}],"collection":[{"href":"https:\/\/nvgmuhendislik.com\/index.php\/wp-json\/wp\/v2\/pages"}],"about":[{"href":"https:\/\/nvgmuhendislik.com\/index.php\/wp-json\/wp\/v2\/types\/page"}],"author":[{"embeddable":true,"href":"https:\/\/nvgmuhendislik.com\/index.php\/wp-json\/wp\/v2\/users\/1"}],"replies":[{"embeddable":true,"href":"https:\/\/nvgmuhendislik.com\/index.php\/wp-json\/wp\/v2\/comments?post=3717"}],"version-history":[{"count":82,"href":"https:\/\/nvgmuhendislik.com\/index.php\/wp-json\/wp\/v2\/pages\/3717\/revisions"}],"predecessor-version":[{"id":4876,"href":"https:\/\/nvgmuhendislik.com\/index.php\/wp-json\/wp\/v2\/pages\/3717\/revisions\/4876"}],"wp:attachment":[{"href":"https:\/\/nvgmuhendislik.com\/index.php\/wp-json\/wp\/v2\/media?parent=3717"}],"curies":[{"name":"wp","href":"https:\/\/api.w.org\/{rel}","templated":true}]}}