{"id":3745,"date":"2024-12-06T19:11:01","date_gmt":"2024-12-06T16:11:01","guid":{"rendered":"https:\/\/nvgmuhendislik.com\/?page_id=3745"},"modified":"2024-12-18T16:13:09","modified_gmt":"2024-12-18T13:13:09","slug":"faaliyet-alanlarimiz-2","status":"publish","type":"page","link":"https:\/\/nvgmuhendislik.com\/index.php\/faaliyet-alanlarimiz-2\/","title":{"rendered":"Faaliyet Alanlar\u0131m\u0131z"},"content":{"rendered":"\t\t<div data-elementor-type=\"wp-page\" data-elementor-id=\"3745\" class=\"elementor elementor-3745\">\n\t\t\t\t<div class=\"elementor-element elementor-element-55af535 e-flex e-con-boxed e-con e-parent\" data-id=\"55af535\" data-element_type=\"container\">\n\t\t\t\t\t<div class=\"e-con-inner\">\n\t\t\t\t<div class=\"elementor-element elementor-element-d17d069 elementor-widget-divider--view-line_text elementor-widget-divider--element-align-left elementor-widget elementor-widget-divider\" data-id=\"d17d069\" data-element_type=\"widget\" data-widget_type=\"divider.default\">\n\t\t\t\t<div class=\"elementor-widget-container\">\n\t\t\t\t\t\t\t<div class=\"elementor-divider\">\n\t\t\t<span class=\"elementor-divider-separator\">\n\t\t\t\t\t\t\t<h2 class=\"elementor-divider__text elementor-divider__element\">\n\t\t\t\tFaaliyet Alanlar\u0131m\u0131z\t\t\t\t<\/h2>\n\t\t\t\t\t\t<\/span>\n\t\t<\/div>\n\t\t\t\t\t\t<\/div>\n\t\t\t\t<\/div>\n\t\t\t\t\t<\/div>\n\t\t\t\t<\/div>\n\t\t<div class=\"elementor-element elementor-element-fc9e4ae e-flex e-con-boxed e-con e-parent\" data-id=\"fc9e4ae\" data-element_type=\"container\">\n\t\t\t\t\t<div class=\"e-con-inner\">\n\t\t\t\t<div class=\"elementor-element elementor-element-c61f1c4 elementor-widget-divider--view-line elementor-widget elementor-widget-divider\" data-id=\"c61f1c4\" data-element_type=\"widget\" data-widget_type=\"divider.default\">\n\t\t\t\t<div class=\"elementor-widget-container\">\n\t\t\t\t\t\t\t<div class=\"elementor-divider\">\n\t\t\t<span class=\"elementor-divider-separator\">\n\t\t\t\t\t\t<\/span>\n\t\t<\/div>\n\t\t\t\t\t\t<\/div>\n\t\t\t\t<\/div>\n\t\t\t\t\t<\/div>\n\t\t\t\t<\/div>\n\t\t<div class=\"elementor-element elementor-element-d5534fa e-flex e-con-boxed e-con e-parent\" data-id=\"d5534fa\" data-element_type=\"container\">\n\t\t\t\t\t<div class=\"e-con-inner\">\n\t\t\t\t<div class=\"elementor-element elementor-element-a9ba20d elementor-widget elementor-widget-spacer\" data-id=\"a9ba20d\" data-element_type=\"widget\" data-widget_type=\"spacer.default\">\n\t\t\t\t<div class=\"elementor-widget-container\">\n\t\t\t\t\t\t\t<div class=\"elementor-spacer\">\n\t\t\t<div class=\"elementor-spacer-inner\"><\/div>\n\t\t<\/div>\n\t\t\t\t\t\t<\/div>\n\t\t\t\t<\/div>\n\t\t\t\t\t<\/div>\n\t\t\t\t<\/div>\n\t\t<div class=\"elementor-element elementor-element-47a5b49 e-flex e-con-boxed e-con e-parent\" data-id=\"47a5b49\" data-element_type=\"container\">\n\t\t\t\t\t<div class=\"e-con-inner\">\n\t\t<div class=\"elementor-element elementor-element-ea35810 e-con-full e-flex e-con e-child\" data-id=\"ea35810\" data-element_type=\"container\">\n\t\t\t\t<div class=\"elementor-element elementor-element-120d2ab elementor-widget-divider--view-line_text elementor-widget-divider--element-align-left elementor-widget elementor-widget-divider\" data-id=\"120d2ab\" data-element_type=\"widget\" data-widget_type=\"divider.default\">\n\t\t\t\t<div class=\"elementor-widget-container\">\n\t\t\t\t\t\t\t<div class=\"elementor-divider\">\n\t\t\t<span class=\"elementor-divider-separator\">\n\t\t\t\t\t\t\t<h2 class=\"elementor-divider__text elementor-divider__element\">\n\t\t\t\tFaaliyet Alanlar\u0131m\u0131z\t\t\t\t<\/h2>\n\t\t\t\t\t\t<\/span>\n\t\t<\/div>\n\t\t\t\t\t\t<\/div>\n\t\t\t\t<\/div>\n\t\t\t\t<div class=\"elementor-element elementor-element-0012039 elementor-widget elementor-widget-text-editor\" data-id=\"0012039\" data-element_type=\"widget\" data-widget_type=\"text-editor.default\">\n\t\t\t\t<div class=\"elementor-widget-container\">\n\t\t\t\t\t\t\t\t\t<ul>\n \t<li>Akaryak\u0131t ve End\u00fcstriyel Tesis 7\/24 Acil Durum Hizmetleri<\/li><br>\n \t<li>Akaryak\u0131t ve End\u00fcstriyel Tesis Planl\u0131 Duru\u015f ve Bak\u0131m Hizmetleri<\/li><br>\n \t<li>Tank Bak\u0131mlar\u0131 ve Y\u00fczer Tavan \u0130malatlar\u0131<\/li><br>\n \t<li>Tank ve Bas\u0131n\u00e7l\u0131 Kap \u0130malatlar\u0131<\/li><br>\n \t<li>Yang\u0131n Sistemleri<\/li><br>\n \t<li>Akaryak\u0131t, Madeni Ya\u011f ve S\u0131nai Gaz (Lpg, Lng, Argon,\u2026vs.) Boru Hatlar\u0131 ve Ekipman Montajlar\u0131<\/li><br>\n \t<li>Boru Is\u0131 \u0130zolasyonu, Sac Kaplama ve Heat Trace<\/li><br>\n \t<li>\u00d6zel \u00c7elik \u0130malatlar<\/li><br>\n \t<li>\u00c7elik Konstr\u00fcksiyon Yap\u0131 \u0130malatlar\u0131<\/li><br>\n \t<li>Anahtar Teslim Akaryak\u0131t, Madeni Ya\u011f ve S\u0131nai Gaz (Lpg, Lng, Argon,\u2026vs.) Tesisi Kurulumlar\u0131<\/li><br>\n \t<li>Proje M\u00fchendislik Hizmetleri<\/li><br>\n<\/ul>\t\t\t\t\t\t\t\t<\/div>\n\t\t\t\t<\/div>\n\t\t\t\t<\/div>\n\t\t<div class=\"elementor-element elementor-element-ef85488 e-con-full e-flex e-con e-child\" data-id=\"ef85488\" data-element_type=\"container\">\n\t\t<div class=\"elementor-element elementor-element-2ab12b5 e-grid e-con-full e-con e-child\" data-id=\"2ab12b5\" data-element_type=\"container\">\n\t\t\t\t<\/div>\n\t\t\t\t<\/div>\n\t\t\t\t\t<\/div>\n\t\t\t\t<\/div>\n\t\t<div class=\"elementor-element elementor-element-ddc85b1 e-flex e-con-boxed e-con e-parent\" data-id=\"ddc85b1\" data-element_type=\"container\">\n\t\t\t\t\t<div class=\"e-con-inner\">\n\t\t\t\t<div class=\"elementor-element elementor-element-ad55014 elementor-widget elementor-widget-spacer\" data-id=\"ad55014\" data-element_type=\"widget\" data-widget_type=\"spacer.default\">\n\t\t\t\t<div class=\"elementor-widget-container\">\n\t\t\t\t\t\t\t<div class=\"elementor-spacer\">\n\t\t\t<div class=\"elementor-spacer-inner\"><\/div>\n\t\t<\/div>\n\t\t\t\t\t\t<\/div>\n\t\t\t\t<\/div>\n\t\t\t\t\t<\/div>\n\t\t\t\t<\/div>\n\t\t<div class=\"elementor-element elementor-element-9074c81 e-flex e-con-boxed e-con e-parent\" data-id=\"9074c81\" data-element_type=\"container\">\n\t\t\t\t\t<div class=\"e-con-inner\">\n\t\t\t\t<div class=\"elementor-element elementor-element-449271b elementor-widget-divider--view-line elementor-widget elementor-widget-divider\" data-id=\"449271b\" data-element_type=\"widget\" data-widget_type=\"divider.default\">\n\t\t\t\t<div class=\"elementor-widget-container\">\n\t\t\t\t\t\t\t<div class=\"elementor-divider\">\n\t\t\t<span class=\"elementor-divider-separator\">\n\t\t\t\t\t\t<\/span>\n\t\t<\/div>\n\t\t\t\t\t\t<\/div>\n\t\t\t\t<\/div>\n\t\t\t\t\t<\/div>\n\t\t\t\t<\/div>\n\t\t\t\t<\/div>\n\t\t","protected":false},"excerpt":{"rendered":"<p>Faaliyet Alanlar\u0131m\u0131z Faaliyet Alanlar\u0131m\u0131z Akaryak\u0131t ve End\u00fcstriyel Tesis 7\/24 Acil Durum Hizmetleri Akaryak\u0131t ve End\u00fcstriyel Tesis Planl\u0131 Duru\u015f ve Bak\u0131m Hizmetleri Tank Bak\u0131mlar\u0131 ve Y\u00fczer Tavan \u0130malatlar\u0131 Tank ve Bas\u0131n\u00e7l\u0131 Kap \u0130malatlar\u0131 Yang\u0131n Sistemleri Akaryak\u0131t, Madeni Ya\u011f ve S\u0131nai Gaz (Lpg, Lng, Argon,\u2026vs.) Boru Hatlar\u0131 ve Ekipman Montajlar\u0131 Boru Is\u0131 \u0130zolasyonu,&hellip;<\/p>\n","protected":false},"author":1,"featured_media":0,"parent":0,"menu_order":0,"comment_status":"closed","ping_status":"closed","template":"","meta":{"footnotes":""},"class_list":["post-3745","page","type-page","status-publish","hentry"],"_links":{"self":[{"href":"https:\/\/nvgmuhendislik.com\/index.php\/wp-json\/wp\/v2\/pages\/3745","targetHints":{"allow":["GET"]}}],"collection":[{"href":"https:\/\/nvgmuhendislik.com\/index.php\/wp-json\/wp\/v2\/pages"}],"about":[{"href":"https:\/\/nvgmuhendislik.com\/index.php\/wp-json\/wp\/v2\/types\/page"}],"author":[{"embeddable":true,"href":"https:\/\/nvgmuhendislik.com\/index.php\/wp-json\/wp\/v2\/users\/1"}],"replies":[{"embeddable":true,"href":"https:\/\/nvgmuhendislik.com\/index.php\/wp-json\/wp\/v2\/comments?post=3745"}],"version-history":[{"count":134,"href":"https:\/\/nvgmuhendislik.com\/index.php\/wp-json\/wp\/v2\/pages\/3745\/revisions"}],"predecessor-version":[{"id":5000,"href":"https:\/\/nvgmuhendislik.com\/index.php\/wp-json\/wp\/v2\/pages\/3745\/revisions\/5000"}],"wp:attachment":[{"href":"https:\/\/nvgmuhendislik.com\/index.php\/wp-json\/wp\/v2\/media?parent=3745"}],"curies":[{"name":"wp","href":"https:\/\/api.w.org\/{rel}","templated":true}]}}